{"id":46,"date":"2025-03-04T11:00:23","date_gmt":"2025-03-04T10:00:23","guid":{"rendered":"https:\/\/mfc.fifteen.at\/?page_id=46"},"modified":"2025-06-27T19:20:01","modified_gmt":"2025-06-27T17:20:01","slug":"links","status":"publish","type":"page","link":"https:\/\/www.mfc-duwa.at\/?page_id=46","title":{"rendered":"LINKS"},"content":{"rendered":"\n<div class=\"wp-block-media-text is-stacked-on-mobile\"><figure class=\"wp-block-media-text__media\"><a href=\"https:\/\/www.umfc-kirchschlag.at\/\"><img loading=\"lazy\" decoding=\"async\" width=\"340\" height=\"223\" src=\"https:\/\/www.mfc-duwa.at\/wp-content\/uploads\/2025\/03\/umfc-kig_logo_neu_II_340_ws.png\" alt=\"\" class=\"wp-image-62 size-full\" srcset=\"https:\/\/www.mfc-duwa.at\/wp-content\/uploads\/2025\/03\/umfc-kig_logo_neu_II_340_ws.png 340w, https:\/\/www.mfc-duwa.at\/wp-content\/uploads\/2025\/03\/umfc-kig_logo_neu_II_340_ws-300x197.png 300w\" sizes=\"auto, (max-width: 340px) 100vw, 340px\" \/><\/a><\/figure><div class=\"wp-block-media-text__content\">\n<h4 class=\"wp-block-heading\">Union Modellfliegerclub<\/h4>\n\n\n\n<p>2860 Kirchschlag, \u00d6sterreich<\/p>\n<\/div><\/div>\n\n\n\n<hr class=\"wp-block-separator has-alpha-channel-opacity is-style-wide\"\/>\n\n\n\n<div class=\"wp-block-media-text is-stacked-on-mobile\"><figure class=\"wp-block-media-text__media\"><a href=\"www.mbc-daedalus.com\"><img loading=\"lazy\" decoding=\"async\" width=\"688\" height=\"280\" src=\"https:\/\/www.mfc-duwa.at\/wp-content\/uploads\/2025\/03\/MBC-Daedalus.png\" alt=\"\" class=\"wp-image-70 size-full\" srcset=\"https:\/\/www.mfc-duwa.at\/wp-content\/uploads\/2025\/03\/MBC-Daedalus.png 688w, https:\/\/www.mfc-duwa.at\/wp-content\/uploads\/2025\/03\/MBC-Daedalus-300x122.png 300w\" sizes=\"auto, (max-width: 688px) 100vw, 688px\" \/><\/a><\/figure><div class=\"wp-block-media-text__content\">\n<h4 class=\"wp-block-heading\">MBC D\u00e4dalus<\/h4>\n\n\n\n<p>4300 St. Valentin. \u00d6sterreich<\/p>\n<\/div><\/div>\n\n\n\n<hr class=\"wp-block-separator has-alpha-channel-opacity is-style-wide\"\/>\n\n\n\n<div class=\"wp-block-media-text is-stacked-on-mobile\"><figure class=\"wp-block-media-text__media\"><a href=\"www,umfc.at\"><img loading=\"lazy\" decoding=\"async\" width=\"217\" height=\"200\" src=\"https:\/\/www.mfc-duwa.at\/wp-content\/uploads\/2025\/03\/307576744_464632595703785_1122240828017044075_n.png\" alt=\"\" class=\"wp-image-81 size-full\"\/><\/a><\/figure><div class=\"wp-block-media-text__content\">\n<h4 class=\"wp-block-heading\"><strong>Union Modellflugclub <\/strong><\/h4>\n\n\n\n<p>8410 Stocking bei Wildon, \u00d6sterreich<\/p>\n<\/div><\/div>\n\n\n\n<hr class=\"wp-block-separator has-alpha-channel-opacity is-style-wide\"\/>\n\n\n\n<div class=\"wp-block-media-text is-stacked-on-mobile\"><figure class=\"wp-block-media-text__media\"><img loading=\"lazy\" decoding=\"async\" width=\"150\" height=\"150\" src=\"https:\/\/www.mfc-duwa.at\/wp-content\/uploads\/2025\/03\/MFC-Alkhofen.jpg\" alt=\"\" class=\"wp-image-83 size-full\" srcset=\"https:\/\/www.mfc-duwa.at\/wp-content\/uploads\/2025\/03\/MFC-Alkhofen.jpg 150w, https:\/\/www.mfc-duwa.at\/wp-content\/uploads\/2025\/03\/MFC-Alkhofen-75x75.jpg 75w\" sizes=\"auto, (max-width: 150px) 100vw, 150px\" \/><\/figure><div class=\"wp-block-media-text__content\">\n<h4 class=\"wp-block-heading\">MFC-ALKOFEN Austria<\/h4>\n\n\n\n<p>4070 Inn, \u00d6sterreich<\/p>\n<\/div><\/div>\n\n\n\n<hr class=\"wp-block-separator has-alpha-channel-opacity is-style-wide\"\/>\n\n\n\n<div class=\"wp-block-media-text is-stacked-on-mobile\"><figure class=\"wp-block-media-text__media\"><img loading=\"lazy\" decoding=\"async\" width=\"300\" height=\"120\" src=\"https:\/\/www.mfc-duwa.at\/wp-content\/uploads\/2025\/03\/Modellflug_Freakshow-300x120-1.jpg\" alt=\"\" class=\"wp-image-86 size-full\"\/><\/figure><div class=\"wp-block-media-text__content\">\n<h4 class=\"wp-block-heading\">Modellflug Freakshow<\/h4>\n\n\n\n<p>4020 Linz, \u00d6sterreich<\/p>\n<\/div><\/div>\n\n\n\n<hr class=\"wp-block-separator has-alpha-channel-opacity is-style-wide\"\/>\n\n\n\n<div class=\"wp-block-media-text is-stacked-on-mobile\"><figure class=\"wp-block-media-text__media\"><a href=\"https:\/\/www.rc-wasserflug.at\"><img loading=\"lazy\" decoding=\"async\" width=\"1024\" height=\"683\" src=\"https:\/\/www.mfc-duwa.at\/wp-content\/uploads\/2025\/03\/vecteezy_classic-biplane-seaplane-for-water-landings_50277669-1024x683.png\" alt=\"\" class=\"wp-image-92 size-full\" srcset=\"https:\/\/www.mfc-duwa.at\/wp-content\/uploads\/2025\/03\/vecteezy_classic-biplane-seaplane-for-water-landings_50277669-1024x683.png 1024w, https:\/\/www.mfc-duwa.at\/wp-content\/uploads\/2025\/03\/vecteezy_classic-biplane-seaplane-for-water-landings_50277669-300x200.png 300w, https:\/\/www.mfc-duwa.at\/wp-content\/uploads\/2025\/03\/vecteezy_classic-biplane-seaplane-for-water-landings_50277669-768x512.png 768w, https:\/\/www.mfc-duwa.at\/wp-content\/uploads\/2025\/03\/vecteezy_classic-biplane-seaplane-for-water-landings_50277669-1536x1024.png 1536w, https:\/\/www.mfc-duwa.at\/wp-content\/uploads\/2025\/03\/vecteezy_classic-biplane-seaplane-for-water-landings_50277669-2048x1365.png 2048w, https:\/\/www.mfc-duwa.at\/wp-content\/uploads\/2025\/03\/vecteezy_classic-biplane-seaplane-for-water-landings_50277669-1140x760.png 1140w\" sizes=\"auto, (max-width: 1024px) 100vw, 1024px\" \/><\/a><\/figure><div class=\"wp-block-media-text__content\">\n<h2 class=\"wp-block-heading\">RC-Wasserflug<\/h2>\n\n\n\n<p>3500 Krems an der Donau, \u00d6sterreich<\/p>\n<\/div><\/div>\n\n\n\n<hr class=\"wp-block-separator has-alpha-channel-opacity is-style-wide\"\/>\n\n\n\n<div class=\"wp-block-media-text is-stacked-on-mobile\"><figure class=\"wp-block-media-text__media\"><a href=\"https:\/\/www.rc-wasserflieger.at\"><img loading=\"lazy\" decoding=\"async\" width=\"1024\" height=\"683\" src=\"https:\/\/www.mfc-duwa.at\/wp-content\/uploads\/2025\/03\/vecteezy_propeller-driven-red-seaplane-flying-with-floats_50277671-1024x683.png\" alt=\"\" class=\"wp-image-94 size-full\" srcset=\"https:\/\/www.mfc-duwa.at\/wp-content\/uploads\/2025\/03\/vecteezy_propeller-driven-red-seaplane-flying-with-floats_50277671-1024x683.png 1024w, https:\/\/www.mfc-duwa.at\/wp-content\/uploads\/2025\/03\/vecteezy_propeller-driven-red-seaplane-flying-with-floats_50277671-300x200.png 300w, https:\/\/www.mfc-duwa.at\/wp-content\/uploads\/2025\/03\/vecteezy_propeller-driven-red-seaplane-flying-with-floats_50277671-768x512.png 768w, https:\/\/www.mfc-duwa.at\/wp-content\/uploads\/2025\/03\/vecteezy_propeller-driven-red-seaplane-flying-with-floats_50277671-1536x1024.png 1536w, https:\/\/www.mfc-duwa.at\/wp-content\/uploads\/2025\/03\/vecteezy_propeller-driven-red-seaplane-flying-with-floats_50277671-2048x1365.png 2048w, https:\/\/www.mfc-duwa.at\/wp-content\/uploads\/2025\/03\/vecteezy_propeller-driven-red-seaplane-flying-with-floats_50277671-1140x760.png 1140w\" sizes=\"auto, (max-width: 1024px) 100vw, 1024px\" \/><\/a><\/figure><div class=\"wp-block-media-text__content\">\n<h2 class=\"wp-block-heading\">RC-Wasserflieger<\/h2>\n\n\n\n<p>3500 Krems an der Donau, \u00d6sterreich<\/p>\n<\/div><\/div>\n\n\n\n<hr class=\"wp-block-separator has-alpha-channel-opacity is-style-wide\"\/>\n\n\n<div class=\"wp-block-image is-style-default\">\n<figure class=\"aligncenter size-medium is-resized\"><img loading=\"lazy\" decoding=\"async\" width=\"300\" height=\"300\" src=\"https:\/\/www.mfc-duwa.at\/wp-content\/uploads\/2025\/03\/Logo_Klein-300x300.png\" alt=\"\" class=\"wp-image-98\" style=\"width:140px\" srcset=\"https:\/\/www.mfc-duwa.at\/wp-content\/uploads\/2025\/03\/Logo_Klein-300x300.png 300w, https:\/\/www.mfc-duwa.at\/wp-content\/uploads\/2025\/03\/Logo_Klein-150x150.png 150w, https:\/\/www.mfc-duwa.at\/wp-content\/uploads\/2025\/03\/Logo_Klein-75x75.png 75w, https:\/\/www.mfc-duwa.at\/wp-content\/uploads\/2025\/03\/Logo_Klein.png 320w\" sizes=\"auto, (max-width: 300px) 100vw, 300px\" \/><\/figure>\n<\/div>","protected":false},"excerpt":{"rendered":"<p>Union Modellfliegerclub 2860 Kirchschlag, \u00d6sterreich MBC D\u00e4dalus 4300 St. Valentin. \u00d6sterreich Union Modellflugclub 8410 Stocking bei Wildon, \u00d6sterreich MFC-ALKOFEN Austria 4070 Inn, \u00d6sterreich Modellflug Freakshow 4020 Linz, \u00d6sterreich RC-Wasserflug 3500 Krems an der Donau, \u00d6sterreich RC-Wasserflieger 3500 Krems an der Donau, \u00d6sterreich<\/p>\n","protected":false},"author":1,"featured_media":0,"parent":0,"menu_order":0,"comment_status":"closed","ping_status":"closed","template":"","meta":{"footnotes":""},"class_list":["post-46","page","type-page","status-publish","hentry"],"_links":{"self":[{"href":"https:\/\/www.mfc-duwa.at\/index.php?rest_route=\/wp\/v2\/pages\/46","targetHints":{"allow":["GET"]}}],"collection":[{"href":"https:\/\/www.mfc-duwa.at\/index.php?rest_route=\/wp\/v2\/pages"}],"about":[{"href":"https:\/\/www.mfc-duwa.at\/index.php?rest_route=\/wp\/v2\/types\/page"}],"author":[{"embeddable":true,"href":"https:\/\/www.mfc-duwa.at\/index.php?rest_route=\/wp\/v2\/users\/1"}],"replies":[{"embeddable":true,"href":"https:\/\/www.mfc-duwa.at\/index.php?rest_route=%2Fwp%2Fv2%2Fcomments&post=46"}],"version-history":[{"count":10,"href":"https:\/\/www.mfc-duwa.at\/index.php?rest_route=\/wp\/v2\/pages\/46\/revisions"}],"predecessor-version":[{"id":2600,"href":"https:\/\/www.mfc-duwa.at\/index.php?rest_route=\/wp\/v2\/pages\/46\/revisions\/2600"}],"wp:attachment":[{"href":"https:\/\/www.mfc-duwa.at\/index.php?rest_route=%2Fwp%2Fv2%2Fmedia&parent=46"}],"curies":[{"name":"wp","href":"https:\/\/api.w.org\/{rel}","templated":true}]}}