{"id":39,"date":"2025-03-04T10:14:10","date_gmt":"2025-03-04T09:14:10","guid":{"rendered":"https:\/\/mfc.fifteen.at\/?page_id=39"},"modified":"2025-06-27T19:20:42","modified_gmt":"2025-06-27T17:20:42","slug":"verein","status":"publish","type":"page","link":"https:\/\/www.mfc-duwa.at\/?page_id=39","title":{"rendered":"VEREIN"},"content":{"rendered":"\n<p>Urspr\u00fcnglich wurde der Verein 1993 mit dem Namen &#8222;MFC-Baumgarten&#8220; gegr\u00fcndet. Die Lage des Modellflugplatzes befand sich zu diesem Zeitpunkt in Baumgarten, in der Gemeinde Mautern.<\/p>\n\n\n\n<p>2001 \u00fcbersiedelten wir auf den jetzigen Standort:Redl-Heide im Gemeindegebiet von Unterbergern und \u00e4nderten den Vereinsnamen auf &#8222;MFC-Dunkelsteinerwald&#8220;. Die Gemeinde Bergern, wo sich dieses Grundst\u00fcck befindet, nahm uns sehr freundlich auf und unterst\u00fctzte uns tatkr\u00e4ftig beim Aufbau des neuen Vereines.<\/p>\n\n\n\n<p>Zur Zeit besteht der Verein aus 22 Mitgliedern. Ein Drittel davon sind Jugendliche unter 25 Jahren, die sich in unserem Verein besonders engagieren.<\/p>\n\n\n\n<p>Alle zwei Jahre wird Mitte des Jahres ein zweit\u00e4giges Schaufliegen veranstaltet, das bei der Bev\u00f6lkerung regen Anklang findet.<\/p>\n\n\n\n<p>Die Zufahrt zum Modellflugplatz ist von Unterbergern und von Baumgarten aus \u00fcber einen Agrarweg m\u00f6glich. Die Lage des Platzes liegt s\u00fcdlich von Unterbergern auf dem Plateau eines H\u00fcgels.<\/p>\n\n\n\n<p>Obmann Matthias Schlagenhaufer<\/p>\n\n\n<div class=\"wp-block-image\">\n<figure class=\"aligncenter size-full is-resized\"><a href=\"https:\/\/www.mfc-duwa.at\"><img loading=\"lazy\" decoding=\"async\" width=\"320\" height=\"320\" src=\"https:\/\/www.mfc-duwa.at\/wp-content\/uploads\/2025\/03\/Logo_Klein.png\" alt=\"\" class=\"wp-image-98\" style=\"width:140px\" srcset=\"https:\/\/www.mfc-duwa.at\/wp-content\/uploads\/2025\/03\/Logo_Klein.png 320w, https:\/\/www.mfc-duwa.at\/wp-content\/uploads\/2025\/03\/Logo_Klein-300x300.png 300w, https:\/\/www.mfc-duwa.at\/wp-content\/uploads\/2025\/03\/Logo_Klein-150x150.png 150w, https:\/\/www.mfc-duwa.at\/wp-content\/uploads\/2025\/03\/Logo_Klein-75x75.png 75w\" sizes=\"auto, (max-width: 320px) 100vw, 320px\" \/><\/a><\/figure>\n<\/div>","protected":false},"excerpt":{"rendered":"<p>Urspr\u00fcnglich wurde der Verein 1993 mit dem Namen &#8222;MFC-Baumgarten&#8220; gegr\u00fcndet. Die Lage des Modellflugplatzes befand sich zu diesem Zeitpunkt in Baumgarten, in der Gemeinde Mautern. 2001 \u00fcbersiedelten wir auf den jetzigen Standort:Redl-Heide im Gemeindegebiet von Unterbergern und \u00e4nderten den Vereinsnamen auf &#8222;MFC-Dunkelsteinerwald&#8220;. Die Gemeinde Bergern, wo sich dieses Grundst\u00fcck befindet, nahm uns sehr freundlich auf und unterst\u00fctzte uns tatkr\u00e4ftig beim Aufbau des neuen Vereines. Zur Zeit besteht der Verein aus 22 Mitgliedern. Ein Drittel davon sind Jugendliche unter 25 Jahren, die sich in unserem Verein besonders engagieren. Alle zwei Jahre wird Mitte des Jahres ein zweit\u00e4giges Schaufliegen veranstaltet, das bei der Bev\u00f6lkerung regen Anklang findet. Die Zufahrt zum Modellflugplatz ist von Unterbergern und von Baumgarten aus \u00fcber einen Agrarweg m\u00f6glich. Die Lage des Platzes liegt s\u00fcdlich von Unterbergern auf dem Plateau eines H\u00fcgels. Obmann Matthias Schlagenhaufer<\/p>\n","protected":false},"author":1,"featured_media":0,"parent":0,"menu_order":0,"comment_status":"closed","ping_status":"closed","template":"","meta":{"footnotes":""},"class_list":["post-39","page","type-page","status-publish","hentry"],"_links":{"self":[{"href":"https:\/\/www.mfc-duwa.at\/index.php?rest_route=\/wp\/v2\/pages\/39","targetHints":{"allow":["GET"]}}],"collection":[{"href":"https:\/\/www.mfc-duwa.at\/index.php?rest_route=\/wp\/v2\/pages"}],"about":[{"href":"https:\/\/www.mfc-duwa.at\/index.php?rest_route=\/wp\/v2\/types\/page"}],"author":[{"embeddable":true,"href":"https:\/\/www.mfc-duwa.at\/index.php?rest_route=\/wp\/v2\/users\/1"}],"replies":[{"embeddable":true,"href":"https:\/\/www.mfc-duwa.at\/index.php?rest_route=%2Fwp%2Fv2%2Fcomments&post=39"}],"version-history":[{"count":5,"href":"https:\/\/www.mfc-duwa.at\/index.php?rest_route=\/wp\/v2\/pages\/39\/revisions"}],"predecessor-version":[{"id":2602,"href":"https:\/\/www.mfc-duwa.at\/index.php?rest_route=\/wp\/v2\/pages\/39\/revisions\/2602"}],"wp:attachment":[{"href":"https:\/\/www.mfc-duwa.at\/index.php?rest_route=%2Fwp%2Fv2%2Fmedia&parent=39"}],"curies":[{"name":"wp","href":"https:\/\/api.w.org\/{rel}","templated":true}]}}