{"id":110,"date":"2025-03-04T22:24:10","date_gmt":"2025-03-04T21:24:10","guid":{"rendered":"https:\/\/mfc.fifteen.at\/?page_id=110"},"modified":"2025-12-03T12:29:58","modified_gmt":"2025-12-03T11:29:58","slug":"flugplatz","status":"publish","type":"page","link":"https:\/\/www.mfc-duwa.at\/?page_id=110","title":{"rendered":"FLUGPLATZ"},"content":{"rendered":"\n<p>Der derzeitige Standort befindet sich im Gemeindegebiet von Unterbergern auf dem Plateau Redl-Heide s\u00fcdlich von Unterbergern.<\/p>\n\n\n\n<p>Die Zufahrt zum Modellflugplatz ist von Unterbergern und von Baumgarten aus \u00fcber einen Agrarweg m\u00f6glich.<\/p>\n\n\n<div class=\"wp-block-image\">\n<figure class=\"aligncenter size-full is-resized\"><img loading=\"lazy\" decoding=\"async\" width=\"749\" height=\"493\" src=\"https:\/\/www.mfc-duwa.at\/wp-content\/uploads\/2025\/03\/Flugplatz.jpg\" alt=\"\" class=\"wp-image-111\" style=\"width:600px\" srcset=\"https:\/\/www.mfc-duwa.at\/wp-content\/uploads\/2025\/03\/Flugplatz.jpg 749w, https:\/\/www.mfc-duwa.at\/wp-content\/uploads\/2025\/03\/Flugplatz-300x197.jpg 300w, https:\/\/www.mfc-duwa.at\/wp-content\/uploads\/2025\/03\/Flugplatz-500x330.jpg 500w\" sizes=\"auto, (max-width: 749px) 100vw, 749px\" \/><\/figure>\n<\/div>\n\n\n<div style=\"height:50px\" aria-hidden=\"true\" class=\"wp-block-spacer\"><\/div>\n\n\n\n<h4 class=\"wp-block-heading\">Anfahrt<\/h4>\n\n\n\n<p>Von Krems an der Donau kommend fahren Sie Richtung Mautern. In Mautern folgen Sie den Wegweisern Richtung Baumgarten. Fahren Sie durch Baumgarten durch und ca. 200 Metern nach der Ortsendetafel kommt ein Bildstock. Da biegen Sie rechts ab und fahren immer geradeaus, bis Sie den Modellflugplatz erreicht haben.<\/p>\n\n\n\n<p>GPS Koordinaten: N 48 22.317     E 15 33.960<\/p>\n\n\n\n<div style=\"height:50px\" aria-hidden=\"true\" class=\"wp-block-spacer\"><\/div>\n\n\n<div class=\"foogallery foogallery-container foogallery-thumbnail foogallery-single-thumbnail foogallery-lightbox-foogallery fg-center fg-thumbnail fg-ready fg-light fg-border-thin fg-round-medium fg-shadow-medium fg-shadow-inset-medium fg-loading-default fg-loaded-fade-in fg-caption-hover fg-hover-fade fg-hover-zoom\" id=\"foogallery-gallery-189\" data-foogallery=\"{&quot;item&quot;:{&quot;showCaptionTitle&quot;:true,&quot;showCaptionDescription&quot;:true},&quot;lazy&quot;:true}\" data-foogallery-lightbox=\"{&quot;thumbs&quot;:&quot;bottom&quot;,&quot;thumbsCaptions&quot;:false,&quot;thumbsBestFit&quot;:false,&quot;thumbsSmall&quot;:false,&quot;thumbsCaptionsAlign&quot;:&quot;default&quot;,&quot;info&quot;:&quot;bottom&quot;,&quot;infoVisible&quot;:true,&quot;infoOverlay&quot;:true,&quot;infoAlign&quot;:&quot;default&quot;,&quot;transition&quot;:&quot;fade&quot;,&quot;hoverButtons&quot;:false,&quot;fitMedia&quot;:false,&quot;noScrollbars&quot;:true,&quot;preserveButtonSpace&quot;:true,&quot;buttons&quot;:{&quot;fullscreen&quot;:true,&quot;info&quot;:true,&quot;thumbs&quot;:false},&quot;video&quot;:{&quot;autoPlay&quot;:true}}\" style=\"--fg-title-line-clamp: 0; --fg-description-line-clamp: 0;\" >\n    <div class=\"fg-item fg-type-image fg-idle\"><figure class=\"fg-item-inner\"><a href=\"https:\/\/www.mfc-duwa.at\/wp-content\/uploads\/2025\/03\/WhatsApp-Bild-2025-03-19-um-07.34.38_71b00d66.jpg\" data-attachment-id=\"198\" rel=\"lightbox[189]\" data-type=\"image\" class=\"fg-thumb\"><span class=\"fg-image-wrap\"><img fetchpriority=\"high\" decoding=\"async\" width=\"250\" height=\"200\" class=\"skip-lazy fg-image\" data-src-fg=\"https:\/\/www.mfc-duwa.at\/wp-content\/uploads\/cache\/2025\/03\/WhatsApp-Bild-2025-03-19-um-07_34_38_71b00d66\/532518603.jpg\" src=\"data:image\/svg+xml,%3Csvg%20xmlns%3D%22http%3A%2F%2Fwww.w3.org%2F2000%2Fsvg%22%20width%3D%22250%22%20height%3D%22200%22%20viewBox%3D%220%200%20250%20200%22%3E%3C%2Fsvg%3E\" loading=\"eager\"><\/span><span class=\"fg-image-overlay\"><\/span><\/a><\/figure><div class=\"fg-loader\"><\/div><\/div>        <div class=\"fg-st-hidden\">\n        <div class=\"fg-item fg-type-image fg-idle\"><figure class=\"fg-item-inner\"><a href=\"https:\/\/www.mfc-duwa.at\/wp-content\/uploads\/2025\/03\/WhatsApp-Bild-2025-03-19-um-07.36.47_e5e7adc0.jpg\" data-attachment-id=\"210\" rel=\"lightbox[189]\" data-type=\"image\" class=\"fg-thumb\"><span class=\"fg-image-wrap\"><img decoding=\"async\" width=\"250\" height=\"200\" class=\"skip-lazy fg-image\" data-src-fg=\"https:\/\/www.mfc-duwa.at\/wp-content\/uploads\/cache\/2025\/03\/WhatsApp-Bild-2025-03-19-um-07_36_47_e5e7adc0\/893394709.jpg\" src=\"data:image\/svg+xml,%3Csvg%20xmlns%3D%22http%3A%2F%2Fwww.w3.org%2F2000%2Fsvg%22%20width%3D%22250%22%20height%3D%22200%22%20viewBox%3D%220%200%20250%20200%22%3E%3C%2Fsvg%3E\" loading=\"eager\"><\/span><span class=\"fg-image-overlay\"><\/span><\/a><\/figure><div class=\"fg-loader\"><\/div><\/div><div class=\"fg-item fg-type-image fg-idle\"><figure class=\"fg-item-inner\"><a href=\"https:\/\/www.mfc-duwa.at\/wp-content\/uploads\/2025\/03\/WhatsApp-Bild-2025-03-19-um-07.35.21_336412eb.jpg\" data-attachment-id=\"202\" rel=\"lightbox[189]\" data-type=\"image\" class=\"fg-thumb\"><span class=\"fg-image-wrap\"><img decoding=\"async\" width=\"250\" height=\"200\" class=\"skip-lazy fg-image\" data-src-fg=\"https:\/\/www.mfc-duwa.at\/wp-content\/uploads\/cache\/2025\/03\/WhatsApp-Bild-2025-03-19-um-07_35_21_336412eb\/1148221945.jpg\" src=\"data:image\/svg+xml,%3Csvg%20xmlns%3D%22http%3A%2F%2Fwww.w3.org%2F2000%2Fsvg%22%20width%3D%22250%22%20height%3D%22200%22%20viewBox%3D%220%200%20250%20200%22%3E%3C%2Fsvg%3E\" loading=\"eager\"><\/span><span class=\"fg-image-overlay\"><\/span><\/a><\/figure><div class=\"fg-loader\"><\/div><\/div><div class=\"fg-item fg-type-image fg-idle\"><figure class=\"fg-item-inner\"><a href=\"https:\/\/www.mfc-duwa.at\/wp-content\/uploads\/2025\/03\/WhatsApp-Bild-2025-03-19-um-07.34.35_e80db96b.jpg\" data-attachment-id=\"193\" rel=\"lightbox[189]\" data-type=\"image\" class=\"fg-thumb\"><span class=\"fg-image-wrap\"><img decoding=\"async\" width=\"250\" height=\"200\" class=\"skip-lazy fg-image\" data-src-fg=\"https:\/\/www.mfc-duwa.at\/wp-content\/uploads\/cache\/2025\/03\/WhatsApp-Bild-2025-03-19-um-07_34_35_e80db96b\/715044578.jpg\" src=\"data:image\/svg+xml,%3Csvg%20xmlns%3D%22http%3A%2F%2Fwww.w3.org%2F2000%2Fsvg%22%20width%3D%22250%22%20height%3D%22200%22%20viewBox%3D%220%200%20250%20200%22%3E%3C%2Fsvg%3E\" loading=\"eager\"><\/span><span class=\"fg-image-overlay\"><\/span><\/a><\/figure><div class=\"fg-loader\"><\/div><\/div><div class=\"fg-item fg-type-image fg-idle\"><figure class=\"fg-item-inner\"><a href=\"https:\/\/www.mfc-duwa.at\/wp-content\/uploads\/2025\/03\/WhatsApp-Bild-2025-03-19-um-07.35.21_2d2569e9.jpg\" data-attachment-id=\"201\" rel=\"lightbox[189]\" data-type=\"image\" class=\"fg-thumb\"><span class=\"fg-image-wrap\"><img decoding=\"async\" width=\"250\" height=\"200\" class=\"skip-lazy fg-image\" data-src-fg=\"https:\/\/www.mfc-duwa.at\/wp-content\/uploads\/cache\/2025\/03\/WhatsApp-Bild-2025-03-19-um-07_35_21_2d2569e9\/2835439530.jpg\" src=\"data:image\/svg+xml,%3Csvg%20xmlns%3D%22http%3A%2F%2Fwww.w3.org%2F2000%2Fsvg%22%20width%3D%22250%22%20height%3D%22200%22%20viewBox%3D%220%200%20250%20200%22%3E%3C%2Fsvg%3E\" loading=\"eager\"><\/span><span class=\"fg-image-overlay\"><\/span><\/a><\/figure><div class=\"fg-loader\"><\/div><\/div><div class=\"fg-item fg-type-image fg-idle\"><figure class=\"fg-item-inner\"><a href=\"https:\/\/www.mfc-duwa.at\/wp-content\/uploads\/2025\/03\/WhatsApp-Bild-2025-03-19-um-07.34.31_54c04be6.jpg\" data-attachment-id=\"190\" rel=\"lightbox[189]\" data-type=\"image\" class=\"fg-thumb\"><span class=\"fg-image-wrap\"><img decoding=\"async\" width=\"250\" height=\"200\" class=\"skip-lazy fg-image\" data-src-fg=\"https:\/\/www.mfc-duwa.at\/wp-content\/uploads\/cache\/2025\/03\/WhatsApp-Bild-2025-03-19-um-07_34_31_54c04be6\/2840366930.jpg\" src=\"data:image\/svg+xml,%3Csvg%20xmlns%3D%22http%3A%2F%2Fwww.w3.org%2F2000%2Fsvg%22%20width%3D%22250%22%20height%3D%22200%22%20viewBox%3D%220%200%20250%20200%22%3E%3C%2Fsvg%3E\" loading=\"eager\"><\/span><span class=\"fg-image-overlay\"><\/span><\/a><\/figure><div class=\"fg-loader\"><\/div><\/div><div class=\"fg-item fg-type-image fg-idle\"><figure class=\"fg-item-inner\"><a href=\"https:\/\/www.mfc-duwa.at\/wp-content\/uploads\/2025\/03\/WhatsApp-Bild-2025-03-19-um-07.34.31_5469b9ce.jpg\" data-attachment-id=\"191\" rel=\"lightbox[189]\" data-type=\"image\" class=\"fg-thumb\"><span class=\"fg-image-wrap\"><img decoding=\"async\" width=\"250\" height=\"200\" class=\"skip-lazy fg-image\" data-src-fg=\"https:\/\/www.mfc-duwa.at\/wp-content\/uploads\/cache\/2025\/03\/WhatsApp-Bild-2025-03-19-um-07_34_31_5469b9ce\/2623619648.jpg\" src=\"data:image\/svg+xml,%3Csvg%20xmlns%3D%22http%3A%2F%2Fwww.w3.org%2F2000%2Fsvg%22%20width%3D%22250%22%20height%3D%22200%22%20viewBox%3D%220%200%20250%20200%22%3E%3C%2Fsvg%3E\" loading=\"eager\"><\/span><span class=\"fg-image-overlay\"><\/span><\/a><\/figure><div class=\"fg-loader\"><\/div><\/div><div class=\"fg-item fg-type-image fg-idle\"><figure class=\"fg-item-inner\"><a href=\"https:\/\/www.mfc-duwa.at\/wp-content\/uploads\/2025\/03\/WhatsApp-Bild-2025-03-19-um-07.35.22_ec621ec7.jpg\" data-attachment-id=\"203\" rel=\"lightbox[189]\" data-type=\"image\" class=\"fg-thumb\"><span class=\"fg-image-wrap\"><img decoding=\"async\" width=\"250\" height=\"200\" class=\"skip-lazy fg-image\" data-src-fg=\"https:\/\/www.mfc-duwa.at\/wp-content\/uploads\/cache\/2025\/03\/WhatsApp-Bild-2025-03-19-um-07_35_22_ec621ec7\/2210853199.jpg\" src=\"data:image\/svg+xml,%3Csvg%20xmlns%3D%22http%3A%2F%2Fwww.w3.org%2F2000%2Fsvg%22%20width%3D%22250%22%20height%3D%22200%22%20viewBox%3D%220%200%20250%20200%22%3E%3C%2Fsvg%3E\" loading=\"eager\"><\/span><span class=\"fg-image-overlay\"><\/span><\/a><\/figure><div class=\"fg-loader\"><\/div><\/div><div class=\"fg-item fg-type-image fg-idle\"><figure class=\"fg-item-inner\"><a href=\"https:\/\/www.mfc-duwa.at\/wp-content\/uploads\/2025\/03\/WhatsApp-Bild-2025-03-19-um-07.35.23_83931d2d.jpg\" data-attachment-id=\"204\" rel=\"lightbox[189]\" data-type=\"image\" class=\"fg-thumb\"><span class=\"fg-image-wrap\"><img decoding=\"async\" width=\"250\" height=\"200\" class=\"skip-lazy fg-image\" data-src-fg=\"https:\/\/www.mfc-duwa.at\/wp-content\/uploads\/cache\/2025\/03\/WhatsApp-Bild-2025-03-19-um-07_35_23_83931d2d\/2348339706.jpg\" src=\"data:image\/svg+xml,%3Csvg%20xmlns%3D%22http%3A%2F%2Fwww.w3.org%2F2000%2Fsvg%22%20width%3D%22250%22%20height%3D%22200%22%20viewBox%3D%220%200%20250%20200%22%3E%3C%2Fsvg%3E\" loading=\"eager\"><\/span><span class=\"fg-image-overlay\"><\/span><\/a><\/figure><div class=\"fg-loader\"><\/div><\/div><div class=\"fg-item fg-type-image fg-idle\"><figure class=\"fg-item-inner\"><a href=\"https:\/\/www.mfc-duwa.at\/wp-content\/uploads\/2025\/03\/WhatsApp-Bild-2025-03-19-um-07.35.23_e81c6a74.jpg\" data-attachment-id=\"205\" rel=\"lightbox[189]\" data-type=\"image\" class=\"fg-thumb\"><span class=\"fg-image-wrap\"><img decoding=\"async\" width=\"250\" height=\"200\" class=\"skip-lazy fg-image\" data-src-fg=\"https:\/\/www.mfc-duwa.at\/wp-content\/uploads\/cache\/2025\/03\/WhatsApp-Bild-2025-03-19-um-07_35_23_e81c6a74\/3319859600.jpg\" src=\"data:image\/svg+xml,%3Csvg%20xmlns%3D%22http%3A%2F%2Fwww.w3.org%2F2000%2Fsvg%22%20width%3D%22250%22%20height%3D%22200%22%20viewBox%3D%220%200%20250%20200%22%3E%3C%2Fsvg%3E\" loading=\"eager\"><\/span><span class=\"fg-image-overlay\"><\/span><\/a><\/figure><div class=\"fg-loader\"><\/div><\/div><div class=\"fg-item fg-type-image fg-idle\"><figure class=\"fg-item-inner\"><a href=\"https:\/\/www.mfc-duwa.at\/wp-content\/uploads\/2025\/03\/WhatsApp-Bild-2025-03-19-um-07.36.47_5d9cbc1f.jpg\" data-attachment-id=\"207\" rel=\"lightbox[189]\" data-type=\"image\" class=\"fg-thumb\"><span class=\"fg-image-wrap\"><img decoding=\"async\" width=\"250\" height=\"200\" class=\"skip-lazy fg-image\" data-src-fg=\"https:\/\/www.mfc-duwa.at\/wp-content\/uploads\/cache\/2025\/03\/WhatsApp-Bild-2025-03-19-um-07_36_47_5d9cbc1f\/930704952.jpg\" src=\"data:image\/svg+xml,%3Csvg%20xmlns%3D%22http%3A%2F%2Fwww.w3.org%2F2000%2Fsvg%22%20width%3D%22250%22%20height%3D%22200%22%20viewBox%3D%220%200%20250%20200%22%3E%3C%2Fsvg%3E\" loading=\"eager\"><\/span><span class=\"fg-image-overlay\"><\/span><\/a><\/figure><div class=\"fg-loader\"><\/div><\/div><div class=\"fg-item fg-type-image fg-idle\"><figure class=\"fg-item-inner\"><a href=\"https:\/\/www.mfc-duwa.at\/wp-content\/uploads\/2025\/03\/WhatsApp-Bild-2025-03-19-um-07.36.47_76fe5596.jpg\" data-attachment-id=\"208\" rel=\"lightbox[189]\" data-type=\"image\" class=\"fg-thumb\"><span class=\"fg-image-wrap\"><img decoding=\"async\" width=\"250\" height=\"200\" class=\"skip-lazy fg-image\" data-src-fg=\"https:\/\/www.mfc-duwa.at\/wp-content\/uploads\/cache\/2025\/03\/WhatsApp-Bild-2025-03-19-um-07_36_47_76fe5596\/963028639.jpg\" src=\"data:image\/svg+xml,%3Csvg%20xmlns%3D%22http%3A%2F%2Fwww.w3.org%2F2000%2Fsvg%22%20width%3D%22250%22%20height%3D%22200%22%20viewBox%3D%220%200%20250%20200%22%3E%3C%2Fsvg%3E\" loading=\"eager\"><\/span><span class=\"fg-image-overlay\"><\/span><\/a><\/figure><div class=\"fg-loader\"><\/div><\/div><div class=\"fg-item fg-type-image fg-idle\"><figure class=\"fg-item-inner\"><a href=\"https:\/\/www.mfc-duwa.at\/wp-content\/uploads\/2025\/03\/WhatsApp-Bild-2025-03-19-um-07.36.47_3467c8cd.jpg\" data-attachment-id=\"209\" rel=\"lightbox[189]\" data-type=\"image\" class=\"fg-thumb\"><span class=\"fg-image-wrap\"><img decoding=\"async\" width=\"250\" height=\"200\" class=\"skip-lazy fg-image\" data-src-fg=\"https:\/\/www.mfc-duwa.at\/wp-content\/uploads\/cache\/2025\/03\/WhatsApp-Bild-2025-03-19-um-07_36_47_3467c8cd\/3680093089.jpg\" src=\"data:image\/svg+xml,%3Csvg%20xmlns%3D%22http%3A%2F%2Fwww.w3.org%2F2000%2Fsvg%22%20width%3D%22250%22%20height%3D%22200%22%20viewBox%3D%220%200%20250%20200%22%3E%3C%2Fsvg%3E\" loading=\"eager\"><\/span><span class=\"fg-image-overlay\"><\/span><\/a><\/figure><div class=\"fg-loader\"><\/div><\/div>    <\/div>\n<\/div>\n\n\n\n<div style=\"height:50px\" aria-hidden=\"true\" class=\"wp-block-spacer\"><\/div>\n\n\n<div class=\"wp-block-image\">\n<figure class=\"aligncenter size-full is-resized\"><a href=\"https:\/\/www.mfc-duwa.at\"><img loading=\"lazy\" decoding=\"async\" width=\"320\" height=\"320\" src=\"https:\/\/www.mfc-duwa.at\/wp-content\/uploads\/2025\/03\/Logo_Klein.png\" alt=\"\" class=\"wp-image-98\" style=\"width:140px\" srcset=\"https:\/\/www.mfc-duwa.at\/wp-content\/uploads\/2025\/03\/Logo_Klein.png 320w, https:\/\/www.mfc-duwa.at\/wp-content\/uploads\/2025\/03\/Logo_Klein-300x300.png 300w, https:\/\/www.mfc-duwa.at\/wp-content\/uploads\/2025\/03\/Logo_Klein-150x150.png 150w, https:\/\/www.mfc-duwa.at\/wp-content\/uploads\/2025\/03\/Logo_Klein-75x75.png 75w\" sizes=\"auto, (max-width: 320px) 100vw, 320px\" \/><\/a><\/figure>\n<\/div>","protected":false},"excerpt":{"rendered":"<p>Der derzeitige Standort befindet sich im Gemeindegebiet von Unterbergern auf dem Plateau Redl-Heide s\u00fcdlich von Unterbergern. Die Zufahrt zum Modellflugplatz ist von Unterbergern und von Baumgarten aus \u00fcber einen Agrarweg m\u00f6glich. Anfahrt Von Krems an der Donau kommend fahren Sie Richtung Mautern. In Mautern folgen Sie den Wegweisern Richtung Baumgarten. Fahren Sie durch Baumgarten durch und ca. 200 Metern nach der Ortsendetafel kommt ein Bildstock. Da biegen Sie rechts ab und fahren immer geradeaus, bis Sie den Modellflugplatz erreicht haben. GPS Koordinaten: N 48 22.317 E 15 33.960<\/p>\n","protected":false},"author":1,"featured_media":0,"parent":0,"menu_order":0,"comment_status":"closed","ping_status":"closed","template":"","meta":{"footnotes":""},"class_list":["post-110","page","type-page","status-publish","hentry"],"_links":{"self":[{"href":"https:\/\/www.mfc-duwa.at\/index.php?rest_route=\/wp\/v2\/pages\/110","targetHints":{"allow":["GET"]}}],"collection":[{"href":"https:\/\/www.mfc-duwa.at\/index.php?rest_route=\/wp\/v2\/pages"}],"about":[{"href":"https:\/\/www.mfc-duwa.at\/index.php?rest_route=\/wp\/v2\/types\/page"}],"author":[{"embeddable":true,"href":"https:\/\/www.mfc-duwa.at\/index.php?rest_route=\/wp\/v2\/users\/1"}],"replies":[{"embeddable":true,"href":"https:\/\/www.mfc-duwa.at\/index.php?rest_route=%2Fwp%2Fv2%2Fcomments&post=110"}],"version-history":[{"count":9,"href":"https:\/\/www.mfc-duwa.at\/index.php?rest_route=\/wp\/v2\/pages\/110\/revisions"}],"predecessor-version":[{"id":2607,"href":"https:\/\/www.mfc-duwa.at\/index.php?rest_route=\/wp\/v2\/pages\/110\/revisions\/2607"}],"wp:attachment":[{"href":"https:\/\/www.mfc-duwa.at\/index.php?rest_route=%2Fwp%2Fv2%2Fmedia&parent=110"}],"curies":[{"name":"wp","href":"https:\/\/api.w.org\/{rel}","templated":true}]}}